{"id":27,"date":"2025-07-19T22:22:51","date_gmt":"2025-07-19T22:22:51","guid":{"rendered":"http:\/\/mariechristine-acupuncture.fr\/?page_id=27"},"modified":"2025-07-19T22:27:55","modified_gmt":"2025-07-19T22:27:55","slug":"formulaire-de-contact","status":"publish","type":"page","link":"https:\/\/mariechristine-acupuncture.fr\/?page_id=27","title":{"rendered":"Formulaire de contact"},"content":{"rendered":"\n<div class=\"wpcf7 no-js\" id=\"wpcf7-f25-o1\" lang=\"fr-FR\" dir=\"ltr\" data-wpcf7-id=\"25\">\n<div class=\"screen-reader-response\"><p role=\"status\" aria-live=\"polite\" aria-atomic=\"true\"><\/p> <ul><\/ul><\/div>\n<form action=\"\/index.php?rest_route=%2Fwp%2Fv2%2Fpages%2F27#wpcf7-f25-o1\" method=\"post\" class=\"wpcf7-form init\" aria-label=\"Formulaire de contact\" novalidate=\"novalidate\" data-status=\"init\">\n<fieldset class=\"hidden-fields-container\"><input type=\"hidden\" name=\"_wpcf7\" value=\"25\" \/><input type=\"hidden\" name=\"_wpcf7_version\" value=\"6.1.5\" \/><input type=\"hidden\" name=\"_wpcf7_locale\" value=\"fr_FR\" \/><input type=\"hidden\" name=\"_wpcf7_unit_tag\" value=\"wpcf7-f25-o1\" \/><input type=\"hidden\" name=\"_wpcf7_container_post\" value=\"0\" \/><input type=\"hidden\" name=\"_wpcf7_posted_data_hash\" value=\"\" \/>\n<\/fieldset>\n<div class=\"contact-form\">\n\t<div class=\"form-group\">\n\t\t<p><span class=\"wpcf7-form-control-wrap\" data-name=\"your-name\"><input size=\"40\" maxlength=\"400\" class=\"wpcf7-form-control wpcf7-text wpcf7-validates-as-required\" aria-required=\"true\" aria-invalid=\"false\" placeholder=\"Votre nom\" value=\"\" type=\"text\" name=\"your-name\" \/><\/span>\n\t\t<\/p>\n\t<\/div>\n\t<div class=\"form-group\">\n\t\t<p><span class=\"wpcf7-form-control-wrap\" data-name=\"your-email\"><input size=\"40\" maxlength=\"400\" class=\"wpcf7-form-control wpcf7-email wpcf7-validates-as-required wpcf7-text wpcf7-validates-as-email\" aria-required=\"true\" aria-invalid=\"false\" placeholder=\"Votre adresse email\" value=\"\" type=\"email\" name=\"your-email\" \/><\/span>\n\t\t<\/p>\n\t<\/div>\n\t<div class=\"form-group\">\n\t\t<p><span class=\"wpcf7-form-control-wrap\" data-name=\"your-phone\"><input size=\"40\" maxlength=\"400\" class=\"wpcf7-form-control wpcf7-tel wpcf7-validates-as-required wpcf7-text wpcf7-validates-as-tel\" aria-required=\"true\" aria-invalid=\"false\" placeholder=\"Votre num\u00e9ro de t\u00e9l\u00e9phone\" value=\"\" type=\"tel\" name=\"your-phone\" \/><\/span>\n\t\t<\/p>\n\t<\/div>\n\t<div class=\"form-group\">\n\t\t<p><span class=\"wpcf7-form-control-wrap\" data-name=\"your-subject\"><input size=\"40\" maxlength=\"400\" class=\"wpcf7-form-control wpcf7-text\" aria-invalid=\"false\" placeholder=\"Sujet\" value=\"\" type=\"text\" name=\"your-subject\" \/><\/span>\n\t\t<\/p>\n\t<\/div>\n\t<div class=\"form-group\">\n\t\t<p><span class=\"wpcf7-form-control-wrap\" data-name=\"your-message\"><textarea cols=\"40\" rows=\"10\" maxlength=\"2000\" class=\"wpcf7-form-control wpcf7-textarea wpcf7-validates-as-required\" aria-required=\"true\" aria-invalid=\"false\" placeholder=\"Votre message\" name=\"your-message\"><\/textarea><\/span>\n\t\t<\/p>\n\t<\/div>\n\t<div class=\"form-group\">\n\t\t<p><input class=\"wpcf7-form-control wpcf7-submit has-spinner\" type=\"submit\" value=\"Envoyer\" \/>\n\t\t<\/p>\n\t<\/div>\n<\/div><div class=\"wpcf7-response-output\" aria-hidden=\"true\"><\/div>\n<\/form>\n<\/div>\n\n\n\n\n<p><\/p>\n","protected":false},"excerpt":{"rendered":"","protected":false},"author":1,"featured_media":18,"parent":0,"menu_order":0,"comment_status":"closed","ping_status":"closed","template":"","meta":{"footnotes":""},"class_list":["post-27","page","type-page","status-publish","has-post-thumbnail","hentry"],"yoast_head":"<!-- This site is optimized with the Yoast SEO plugin v27.5 - https:\/\/yoast.com\/product\/yoast-seo-wordpress\/ -->\n<title>Formulaire de contact - Acupuncture<\/title>\n<meta name=\"robots\" content=\"index, follow, max-snippet:-1, max-image-preview:large, max-video-preview:-1\" \/>\n<link rel=\"canonical\" href=\"https:\/\/mariechristine-acupuncture.fr\/?page_id=27\" \/>\n<meta property=\"og:locale\" content=\"fr_FR\" \/>\n<meta property=\"og:type\" content=\"article\" \/>\n<meta property=\"og:title\" content=\"Formulaire de contact - Acupuncture\" \/>\n<meta property=\"og:url\" content=\"https:\/\/mariechristine-acupuncture.fr\/?page_id=27\" \/>\n<meta property=\"og:site_name\" content=\"Acupuncture\" \/>\n<meta property=\"article:modified_time\" content=\"2025-07-19T22:27:55+00:00\" \/>\n<meta property=\"og:image\" content=\"https:\/\/mariechristine-acupuncture.fr\/wp-content\/uploads\/2025\/07\/2021-09-26.png\" \/>\n\t<meta property=\"og:image:width\" content=\"1360\" \/>\n\t<meta property=\"og:image:height\" content=\"765\" \/>\n\t<meta property=\"og:image:type\" content=\"image\/png\" \/>\n<meta name=\"twitter:card\" content=\"summary_large_image\" \/>\n<script type=\"application\/ld+json\" class=\"yoast-schema-graph\">{\"@context\":\"https:\\\/\\\/schema.org\",\"@graph\":[{\"@type\":\"WebPage\",\"@id\":\"https:\\\/\\\/mariechristine-acupuncture.fr\\\/?page_id=27\",\"url\":\"https:\\\/\\\/mariechristine-acupuncture.fr\\\/?page_id=27\",\"name\":\"Formulaire de contact - Acupuncture\",\"isPartOf\":{\"@id\":\"https:\\\/\\\/mariechristine-acupuncture.fr\\\/#website\"},\"primaryImageOfPage\":{\"@id\":\"https:\\\/\\\/mariechristine-acupuncture.fr\\\/?page_id=27#primaryimage\"},\"image\":{\"@id\":\"https:\\\/\\\/mariechristine-acupuncture.fr\\\/?page_id=27#primaryimage\"},\"thumbnailUrl\":\"https:\\\/\\\/mariechristine-acupuncture.fr\\\/wp-content\\\/uploads\\\/2025\\\/07\\\/2021-09-26.png\",\"datePublished\":\"2025-07-19T22:22:51+00:00\",\"dateModified\":\"2025-07-19T22:27:55+00:00\",\"breadcrumb\":{\"@id\":\"https:\\\/\\\/mariechristine-acupuncture.fr\\\/?page_id=27#breadcrumb\"},\"inLanguage\":\"fr-FR\",\"potentialAction\":[{\"@type\":\"ReadAction\",\"target\":[\"https:\\\/\\\/mariechristine-acupuncture.fr\\\/?page_id=27\"]}]},{\"@type\":\"ImageObject\",\"inLanguage\":\"fr-FR\",\"@id\":\"https:\\\/\\\/mariechristine-acupuncture.fr\\\/?page_id=27#primaryimage\",\"url\":\"https:\\\/\\\/mariechristine-acupuncture.fr\\\/wp-content\\\/uploads\\\/2025\\\/07\\\/2021-09-26.png\",\"contentUrl\":\"https:\\\/\\\/mariechristine-acupuncture.fr\\\/wp-content\\\/uploads\\\/2025\\\/07\\\/2021-09-26.png\",\"width\":1360,\"height\":765},{\"@type\":\"BreadcrumbList\",\"@id\":\"https:\\\/\\\/mariechristine-acupuncture.fr\\\/?page_id=27#breadcrumb\",\"itemListElement\":[{\"@type\":\"ListItem\",\"position\":1,\"name\":\"Accueil\",\"item\":\"https:\\\/\\\/mariechristine-acupuncture.fr\\\/\"},{\"@type\":\"ListItem\",\"position\":2,\"name\":\"Formulaire de contact\"}]},{\"@type\":\"WebSite\",\"@id\":\"https:\\\/\\\/mariechristine-acupuncture.fr\\\/#website\",\"url\":\"https:\\\/\\\/mariechristine-acupuncture.fr\\\/\",\"name\":\"Sage-Femme Acupunctrice\",\"description\":\"Acupuncture \u00e0 Sainte Marie Sur Ouche\",\"potentialAction\":[{\"@type\":\"SearchAction\",\"target\":{\"@type\":\"EntryPoint\",\"urlTemplate\":\"https:\\\/\\\/mariechristine-acupuncture.fr\\\/?s={search_term_string}\"},\"query-input\":{\"@type\":\"PropertyValueSpecification\",\"valueRequired\":true,\"valueName\":\"search_term_string\"}}],\"inLanguage\":\"fr-FR\"}]}<\/script>\n<!-- \/ Yoast SEO plugin. -->","yoast_head_json":{"title":"Formulaire de contact - Acupuncture","robots":{"index":"index","follow":"follow","max-snippet":"max-snippet:-1","max-image-preview":"max-image-preview:large","max-video-preview":"max-video-preview:-1"},"canonical":"https:\/\/mariechristine-acupuncture.fr\/?page_id=27","og_locale":"fr_FR","og_type":"article","og_title":"Formulaire de contact - Acupuncture","og_url":"https:\/\/mariechristine-acupuncture.fr\/?page_id=27","og_site_name":"Acupuncture","article_modified_time":"2025-07-19T22:27:55+00:00","og_image":[{"width":1360,"height":765,"url":"https:\/\/mariechristine-acupuncture.fr\/wp-content\/uploads\/2025\/07\/2021-09-26.png","type":"image\/png"}],"twitter_card":"summary_large_image","schema":{"@context":"https:\/\/schema.org","@graph":[{"@type":"WebPage","@id":"https:\/\/mariechristine-acupuncture.fr\/?page_id=27","url":"https:\/\/mariechristine-acupuncture.fr\/?page_id=27","name":"Formulaire de contact - Acupuncture","isPartOf":{"@id":"https:\/\/mariechristine-acupuncture.fr\/#website"},"primaryImageOfPage":{"@id":"https:\/\/mariechristine-acupuncture.fr\/?page_id=27#primaryimage"},"image":{"@id":"https:\/\/mariechristine-acupuncture.fr\/?page_id=27#primaryimage"},"thumbnailUrl":"https:\/\/mariechristine-acupuncture.fr\/wp-content\/uploads\/2025\/07\/2021-09-26.png","datePublished":"2025-07-19T22:22:51+00:00","dateModified":"2025-07-19T22:27:55+00:00","breadcrumb":{"@id":"https:\/\/mariechristine-acupuncture.fr\/?page_id=27#breadcrumb"},"inLanguage":"fr-FR","potentialAction":[{"@type":"ReadAction","target":["https:\/\/mariechristine-acupuncture.fr\/?page_id=27"]}]},{"@type":"ImageObject","inLanguage":"fr-FR","@id":"https:\/\/mariechristine-acupuncture.fr\/?page_id=27#primaryimage","url":"https:\/\/mariechristine-acupuncture.fr\/wp-content\/uploads\/2025\/07\/2021-09-26.png","contentUrl":"https:\/\/mariechristine-acupuncture.fr\/wp-content\/uploads\/2025\/07\/2021-09-26.png","width":1360,"height":765},{"@type":"BreadcrumbList","@id":"https:\/\/mariechristine-acupuncture.fr\/?page_id=27#breadcrumb","itemListElement":[{"@type":"ListItem","position":1,"name":"Accueil","item":"https:\/\/mariechristine-acupuncture.fr\/"},{"@type":"ListItem","position":2,"name":"Formulaire de contact"}]},{"@type":"WebSite","@id":"https:\/\/mariechristine-acupuncture.fr\/#website","url":"https:\/\/mariechristine-acupuncture.fr\/","name":"Sage-Femme Acupunctrice","description":"Acupuncture \u00e0 Sainte Marie Sur Ouche","potentialAction":[{"@type":"SearchAction","target":{"@type":"EntryPoint","urlTemplate":"https:\/\/mariechristine-acupuncture.fr\/?s={search_term_string}"},"query-input":{"@type":"PropertyValueSpecification","valueRequired":true,"valueName":"search_term_string"}}],"inLanguage":"fr-FR"}]}},"_links":{"self":[{"href":"https:\/\/mariechristine-acupuncture.fr\/index.php?rest_route=\/wp\/v2\/pages\/27","targetHints":{"allow":["GET"]}}],"collection":[{"href":"https:\/\/mariechristine-acupuncture.fr\/index.php?rest_route=\/wp\/v2\/pages"}],"about":[{"href":"https:\/\/mariechristine-acupuncture.fr\/index.php?rest_route=\/wp\/v2\/types\/page"}],"author":[{"embeddable":true,"href":"https:\/\/mariechristine-acupuncture.fr\/index.php?rest_route=\/wp\/v2\/users\/1"}],"replies":[{"embeddable":true,"href":"https:\/\/mariechristine-acupuncture.fr\/index.php?rest_route=%2Fwp%2Fv2%2Fcomments&post=27"}],"version-history":[{"count":2,"href":"https:\/\/mariechristine-acupuncture.fr\/index.php?rest_route=\/wp\/v2\/pages\/27\/revisions"}],"predecessor-version":[{"id":31,"href":"https:\/\/mariechristine-acupuncture.fr\/index.php?rest_route=\/wp\/v2\/pages\/27\/revisions\/31"}],"wp:featuredmedia":[{"embeddable":true,"href":"https:\/\/mariechristine-acupuncture.fr\/index.php?rest_route=\/wp\/v2\/media\/18"}],"wp:attachment":[{"href":"https:\/\/mariechristine-acupuncture.fr\/index.php?rest_route=%2Fwp%2Fv2%2Fmedia&parent=27"}],"curies":[{"name":"wp","href":"https:\/\/api.w.org\/{rel}","templated":true}]}}