{"id":76,"date":"2025-07-20T14:21:43","date_gmt":"2025-07-20T14:21:43","guid":{"rendered":"https:\/\/mariechristine-acupuncture.fr\/?page_id=76"},"modified":"2025-07-20T22:48:11","modified_gmt":"2025-07-20T22:48:11","slug":"tarifs","status":"publish","type":"page","link":"https:\/\/mariechristine-acupuncture.fr\/?page_id=76","title":{"rendered":"Sage-Femme acupunctrice"},"content":{"rendered":"\n<section class=\"section-tarifs\">\n  <div class=\"conteneur-tarifs\">\n    <h2 class=\"titre-tarifs\">Mes Tarifs<\/h2>\n    <p class=\"intro-tarifs\">Des consultations personnalis\u00e9es pour votre bien-\u00eatre.<\/p>\n    <p class=\"intro-tarifs\">N&rsquo;h\u00e9sitez pas \u00e0 me contacter au 06 16 25 05 98 pour prendre rendez vous<\/p>\n\n    <div class=\"tableau-tarifs\">\n      <a href=\"http:\/\/mariechristine-acupuncture.fr\/?page_id=27\" class=\"lien-tarif\">\n        <div class=\"carte-tarif\">\n          <h3>Premi\u00e8re consultation<\/h3>\n          <p class=\"duree\">Dur\u00e9e : 1h30<\/p>\n          <p class=\"prix\">60 \u20ac<\/p>\n        <\/div>\n      <\/a>\n\n      <a href=\"http:\/\/mariechristine-acupuncture.fr\/?page_id=27\" class=\"lien-tarif\">\n        <div class=\"carte-tarif\">\n          <h3>Consultation de suivi<\/h3>\n          <p class=\"duree\">Dur\u00e9e : 1h<\/p>\n          <p class=\"prix\">50 \u20ac<\/p>\n        <\/div>\n      <\/a>\n<a href=\"http:\/\/mariechristine-acupuncture.fr\/?page_id=27\" class=\"lien-tarif\">\n        <div class=\"carte-tarif\">\n          <h3>Suivi de grossesse<\/h3>\n          <p class=\"duree\">Dur\u00e9e : 1h<\/p>\n          <p class=\"prix\">40 \u20ac<\/p>\n        <\/div>\n      <\/a>\n    <\/div>\n  <\/div>\n<\/section>\n","protected":false},"excerpt":{"rendered":"<p>Mes Tarifs Des consultations personnalis\u00e9es pour votre bien-\u00eatre. N&rsquo;h\u00e9sitez pas \u00e0 me contacter au 06 16 25 05 98 pour prendre rendez vous Premi\u00e8re consultation Dur\u00e9e : 1h30 60 \u20ac Consultation de suivi Dur\u00e9e : 1h 50 \u20ac Suivi de grossesse Dur\u00e9e : 1h 40 \u20ac<\/p>\n","protected":false},"author":1,"featured_media":0,"parent":0,"menu_order":0,"comment_status":"closed","ping_status":"closed","template":"","meta":{"footnotes":""},"class_list":["post-76","page","type-page","status-publish","hentry"],"yoast_head":"<!-- This site is optimized with the Yoast SEO plugin v27.5 - https:\/\/yoast.com\/product\/yoast-seo-wordpress\/ -->\n<title>Sage-Femme acupunctrice - Acupuncture<\/title>\n<meta name=\"robots\" content=\"index, follow, max-snippet:-1, max-image-preview:large, max-video-preview:-1\" \/>\n<link rel=\"canonical\" href=\"https:\/\/mariechristine-acupuncture.fr\/?page_id=76\" \/>\n<meta property=\"og:locale\" content=\"fr_FR\" \/>\n<meta property=\"og:type\" content=\"article\" \/>\n<meta property=\"og:title\" content=\"Sage-Femme acupunctrice - Acupuncture\" \/>\n<meta property=\"og:description\" content=\"Mes Tarifs Des consultations personnalis\u00e9es pour votre bien-\u00eatre. N&rsquo;h\u00e9sitez pas \u00e0 me contacter au 06 16 25 05 98 pour prendre rendez vous Premi\u00e8re consultation Dur\u00e9e : 1h30 60 \u20ac Consultation de suivi Dur\u00e9e : 1h 50 \u20ac Suivi de grossesse Dur\u00e9e : 1h 40 \u20ac\" \/>\n<meta property=\"og:url\" content=\"https:\/\/mariechristine-acupuncture.fr\/?page_id=76\" \/>\n<meta property=\"og:site_name\" content=\"Acupuncture\" \/>\n<meta property=\"article:modified_time\" content=\"2025-07-20T22:48:11+00:00\" \/>\n<meta name=\"twitter:card\" content=\"summary_large_image\" \/>\n<meta name=\"twitter:label1\" content=\"Dur\u00e9e de lecture estim\u00e9e\" \/>\n\t<meta name=\"twitter:data1\" content=\"1 minute\" \/>\n<script type=\"application\/ld+json\" class=\"yoast-schema-graph\">{\"@context\":\"https:\\\/\\\/schema.org\",\"@graph\":[{\"@type\":\"WebPage\",\"@id\":\"https:\\\/\\\/mariechristine-acupuncture.fr\\\/?page_id=76\",\"url\":\"https:\\\/\\\/mariechristine-acupuncture.fr\\\/?page_id=76\",\"name\":\"Sage-Femme acupunctrice - Acupuncture\",\"isPartOf\":{\"@id\":\"https:\\\/\\\/mariechristine-acupuncture.fr\\\/#website\"},\"datePublished\":\"2025-07-20T14:21:43+00:00\",\"dateModified\":\"2025-07-20T22:48:11+00:00\",\"breadcrumb\":{\"@id\":\"https:\\\/\\\/mariechristine-acupuncture.fr\\\/?page_id=76#breadcrumb\"},\"inLanguage\":\"fr-FR\",\"potentialAction\":[{\"@type\":\"ReadAction\",\"target\":[\"https:\\\/\\\/mariechristine-acupuncture.fr\\\/?page_id=76\"]}]},{\"@type\":\"BreadcrumbList\",\"@id\":\"https:\\\/\\\/mariechristine-acupuncture.fr\\\/?page_id=76#breadcrumb\",\"itemListElement\":[{\"@type\":\"ListItem\",\"position\":1,\"name\":\"Accueil\",\"item\":\"https:\\\/\\\/mariechristine-acupuncture.fr\\\/\"},{\"@type\":\"ListItem\",\"position\":2,\"name\":\"Sage-Femme acupunctrice\"}]},{\"@type\":\"WebSite\",\"@id\":\"https:\\\/\\\/mariechristine-acupuncture.fr\\\/#website\",\"url\":\"https:\\\/\\\/mariechristine-acupuncture.fr\\\/\",\"name\":\"Sage-Femme Acupunctrice\",\"description\":\"Acupuncture \u00e0 Sainte Marie Sur Ouche\",\"potentialAction\":[{\"@type\":\"SearchAction\",\"target\":{\"@type\":\"EntryPoint\",\"urlTemplate\":\"https:\\\/\\\/mariechristine-acupuncture.fr\\\/?s={search_term_string}\"},\"query-input\":{\"@type\":\"PropertyValueSpecification\",\"valueRequired\":true,\"valueName\":\"search_term_string\"}}],\"inLanguage\":\"fr-FR\"}]}<\/script>\n<!-- \/ Yoast SEO plugin. -->","yoast_head_json":{"title":"Sage-Femme acupunctrice - Acupuncture","robots":{"index":"index","follow":"follow","max-snippet":"max-snippet:-1","max-image-preview":"max-image-preview:large","max-video-preview":"max-video-preview:-1"},"canonical":"https:\/\/mariechristine-acupuncture.fr\/?page_id=76","og_locale":"fr_FR","og_type":"article","og_title":"Sage-Femme acupunctrice - Acupuncture","og_description":"Mes Tarifs Des consultations personnalis\u00e9es pour votre bien-\u00eatre. N&rsquo;h\u00e9sitez pas \u00e0 me contacter au 06 16 25 05 98 pour prendre rendez vous Premi\u00e8re consultation Dur\u00e9e : 1h30 60 \u20ac Consultation de suivi Dur\u00e9e : 1h 50 \u20ac Suivi de grossesse Dur\u00e9e : 1h 40 \u20ac","og_url":"https:\/\/mariechristine-acupuncture.fr\/?page_id=76","og_site_name":"Acupuncture","article_modified_time":"2025-07-20T22:48:11+00:00","twitter_card":"summary_large_image","twitter_misc":{"Dur\u00e9e de lecture estim\u00e9e":"1 minute"},"schema":{"@context":"https:\/\/schema.org","@graph":[{"@type":"WebPage","@id":"https:\/\/mariechristine-acupuncture.fr\/?page_id=76","url":"https:\/\/mariechristine-acupuncture.fr\/?page_id=76","name":"Sage-Femme acupunctrice - Acupuncture","isPartOf":{"@id":"https:\/\/mariechristine-acupuncture.fr\/#website"},"datePublished":"2025-07-20T14:21:43+00:00","dateModified":"2025-07-20T22:48:11+00:00","breadcrumb":{"@id":"https:\/\/mariechristine-acupuncture.fr\/?page_id=76#breadcrumb"},"inLanguage":"fr-FR","potentialAction":[{"@type":"ReadAction","target":["https:\/\/mariechristine-acupuncture.fr\/?page_id=76"]}]},{"@type":"BreadcrumbList","@id":"https:\/\/mariechristine-acupuncture.fr\/?page_id=76#breadcrumb","itemListElement":[{"@type":"ListItem","position":1,"name":"Accueil","item":"https:\/\/mariechristine-acupuncture.fr\/"},{"@type":"ListItem","position":2,"name":"Sage-Femme acupunctrice"}]},{"@type":"WebSite","@id":"https:\/\/mariechristine-acupuncture.fr\/#website","url":"https:\/\/mariechristine-acupuncture.fr\/","name":"Sage-Femme Acupunctrice","description":"Acupuncture \u00e0 Sainte Marie Sur Ouche","potentialAction":[{"@type":"SearchAction","target":{"@type":"EntryPoint","urlTemplate":"https:\/\/mariechristine-acupuncture.fr\/?s={search_term_string}"},"query-input":{"@type":"PropertyValueSpecification","valueRequired":true,"valueName":"search_term_string"}}],"inLanguage":"fr-FR"}]}},"_links":{"self":[{"href":"https:\/\/mariechristine-acupuncture.fr\/index.php?rest_route=\/wp\/v2\/pages\/76","targetHints":{"allow":["GET"]}}],"collection":[{"href":"https:\/\/mariechristine-acupuncture.fr\/index.php?rest_route=\/wp\/v2\/pages"}],"about":[{"href":"https:\/\/mariechristine-acupuncture.fr\/index.php?rest_route=\/wp\/v2\/types\/page"}],"author":[{"embeddable":true,"href":"https:\/\/mariechristine-acupuncture.fr\/index.php?rest_route=\/wp\/v2\/users\/1"}],"replies":[{"embeddable":true,"href":"https:\/\/mariechristine-acupuncture.fr\/index.php?rest_route=%2Fwp%2Fv2%2Fcomments&post=76"}],"version-history":[{"count":6,"href":"https:\/\/mariechristine-acupuncture.fr\/index.php?rest_route=\/wp\/v2\/pages\/76\/revisions"}],"predecessor-version":[{"id":101,"href":"https:\/\/mariechristine-acupuncture.fr\/index.php?rest_route=\/wp\/v2\/pages\/76\/revisions\/101"}],"wp:attachment":[{"href":"https:\/\/mariechristine-acupuncture.fr\/index.php?rest_route=%2Fwp%2Fv2%2Fmedia&parent=76"}],"curies":[{"name":"wp","href":"https:\/\/api.w.org\/{rel}","templated":true}]}}